{"id":4564,"date":"2025-03-28T16:23:00","date_gmt":"2025-03-28T16:23:00","guid":{"rendered":"https:\/\/jfinelaw.triplestarter.com\/?page_id=4564"},"modified":"2025-06-11T21:46:58","modified_gmt":"2025-06-11T21:46:58","slug":"abogado-de-muerte-injusta-en-nueva-jersey","status":"publish","type":"page","link":"https:\/\/jfinelaw.triplestarter.com\/es\/abogado-de-muerte-injusta-en-nueva-jersey\/","title":{"rendered":"Abogado de Muerte Injusta en Nueva Jersey"},"content":{"rendered":"\r\n<h2 class=\"wp-block-heading\"><strong>Apoyo Legal Compasivo para Familias Que Han Perdido a un Ser Querido<\/strong><\/h2>\r\n\r\n\r\n\r\n<p>Perder a un ser querido siempre es devastador, pero cuando su muerte fue causada por la negligencia, descuido o mala conducta de otra persona, el dolor puede ser a\u00fan m\u00e1s dif\u00edcil de soportar. Usted puede quedarse con preguntas, ira y una abrumadora sensaci\u00f3n de injusticia. Durante este tiempo, su familia merece m\u00e1s que simpat\u00eda: merece apoyo, respuestas y rendici\u00f3n de cuentas.<\/p>\r\n\r\n\r\n\r\n<p>En J. Fine Law, representamos a familias en todo Nueva Jersey que han perdido a seres queridos en tragedias prevenibles. Nuestro experimentado equipo trabaja para responsabilizar a los infractores y ayudar a los familiares sobrevivientes a recuperar la compensaci\u00f3n que necesitan para seguir adelante.<\/p>\r\n\r\n\r\n\r\n<p>Si ha perdido a un ser querido en un accidente, hable con un <a href=\"https:\/\/jfinelaw.triplestarter.com\/\">abogado de muerte injusta<\/a> en Cherry Hill, Nueva Jersey. Su familia tiene derechos. Perm\u00edtanos ayudarlo a protegerlos.<\/p>\r\n\r\n\r\n\r\n<h2 class=\"wp-block-heading\"><strong>\u00bfQu\u00e9 es una Demanda por Muerte Injusta?<\/strong><\/h2>\r\n\r\n\r\n\r\n<p>Una demanda por muerte injusta es una demanda civil presentada por los familiares sobrevivientes de alguien que falleci\u00f3 debido a la negligencia, imprudencia o acciones intencionales de otra persona o parte.<\/p>\r\n\r\n\r\n\r\n<p>En Nueva Jersey, los casos de muerte injusta permiten a las familias buscar una compensaci\u00f3n por el impacto financiero y emocional de perder a un ser querido. Estas demandas no se tratan de asignar culpa penal, sino de justicia, rendici\u00f3n de cuentas y apoyo financiero para quienes quedan atr\u00e1s.<\/p>\r\n\r\n\r\n\r\n<p>Un abogado de muerte injusta en Cherry Hill, Nueva Jersey, puede ayudarlo a determinar si tiene una reclamaci\u00f3n v\u00e1lida y guiarlo a trav\u00e9s del proceso legal durante este momento doloroso.<\/p>\r\n\r\n\r\n\r\n<h2 class=\"wp-block-heading\"><strong>\u00bfQui\u00e9n Puede Presentar una Demanda por Muerte Injusta en Nueva Jersey?<\/strong><\/h2>\r\n\r\n\r\n\r\n<p>La ley de Nueva Jersey limita qui\u00e9n puede presentar una demanda por muerte injusta. Por lo general, estas demandas son presentadas por el representante personal (albacea) del patrimonio del fallecido en nombre de los familiares sobrevivientes. Los beneficiarios elegibles pueden incluir:<\/p>\r\n\r\n\r\n\r\n<ul class=\"wp-block-list\">\r\n<li>C\u00f3nyuge del fallecido<\/li>\r\n\r\n\r\n\r\n<li>Hijos (biol\u00f3gicos o adoptados)<\/li>\r\n\r\n\r\n\r\n<li>Padres (si no hay c\u00f3nyuge ni hijos)<\/li>\r\n\r\n\r\n\r\n<li>Hermanos, sobrinas, sobrinos u otros dependientes (en algunos casos)<\/li>\r\n<\/ul>\r\n\r\n\r\n\r\n<p>Los da\u00f1os se distribuyen en funci\u00f3n del grado de dependencia financiera que cada beneficiario ten\u00eda del fallecido. Un abogado de muerte injusta en Cherry Hill, Nueva Jersey, puede explicar su elegibilidad y representar sus intereses durante todo el caso.<\/p>\r\n\r\n\r\n\r\n<h2 class=\"wp-block-heading\"><strong>Causas Comunes de Muerte Injusta<\/strong><\/h2>\r\n\r\n\r\n\r\n<p>La muerte injusta puede ocurrir en casi cualquier situaci\u00f3n en la que la conducta negligente o imprudente de alguien provoque la p\u00e9rdida de una vida. En J. Fine Law, manejamos casos relacionados con:<\/p>\r\n\r\n\r\n\r\n<ul class=\"wp-block-list\">\r\n<li>Accidentes automovil\u00edsticos causados por conductores distra\u00eddos, ebrios o imprudentes.<\/li>\r\n\r\n\r\n\r\n<li>Accidentes de camiones y veh\u00edculos comerciales.<\/li>\r\n\r\n\r\n\r\n<li>Accidentes de motocicleta, peatones y bicicletas.<\/li>\r\n\r\n\r\n\r\n<li>Negligencia m\u00e9dica, incluidos diagn\u00f3sticos err\u00f3neos y errores quir\u00fargicos.<\/li>\r\n\r\n\r\n\r\n<li>Abuso o negligencia en hogares de ancianos.<\/li>\r\n\r\n\r\n\r\n<li>Productos defectuosos que funcionan mal o causan lesiones fatales.<\/li>\r\n\r\n\r\n\r\n<li>Accidentes laborales y condiciones inseguras en el lugar de trabajo.<\/li>\r\n\r\n\r\n\r\n<li>Accidentes de responsabilidad de locales, como ca\u00eddas o condiciones inseguras de la propiedad.<\/li>\r\n\r\n\r\n\r\n<li>Actos violentos, incluidas agresiones y da\u00f1os intencionales.<\/li>\r\n\r\n\r\n\r\n<li>Incidentes en sitios de construcci\u00f3n que involucran fallas de equipos o violaciones de seguridad.<\/li>\r\n<\/ul>\r\n\r\n\r\n\r\n<p>Si su ser querido falleci\u00f3 debido a las acciones (o inacciones) de otra persona, un abogado de muerte injusta en Cherry Hill puede ayudar a su familia a obtener la justicia que merece.<\/p>\r\n\r\n\r\n\r\n<h2 class=\"wp-block-heading\"><strong>\u00bfQu\u00e9 Debe Probarse en un Caso de Muerte Injusta?<\/strong><\/h2>\r\n\r\n\r\n\r\n<p>Para tener \u00e9xito en una reclamaci\u00f3n por muerte injusta en Nueva Jersey, su abogado debe probar los siguientes elementos:<\/p>\r\n\r\n\r\n\r\n<ul class=\"wp-block-list\">\r\n<li><strong>Deber de cuidado:<\/strong> El demandado ten\u00eda un deber legal para con el fallecido (por ejemplo, un conductor tiene el deber de cumplir con las leyes de tr\u00e1nsito).<\/li>\r\n\r\n\r\n\r\n<li><strong>Incumplimiento del deber:<\/strong> El demandado no cumpli\u00f3 con ese deber por negligencia o mala conducta.<\/li>\r\n\r\n\r\n\r\n<li><strong>Causalidad:<\/strong> El incumplimiento caus\u00f3 directamente la muerte de la v\u00edctima.<\/li>\r\n\r\n\r\n\r\n<li><strong>Da\u00f1os:<\/strong> Los familiares sobrevivientes sufrieron p\u00e9rdidas financieras y emocionales como resultado.<\/li>\r\n<\/ul>\r\n\r\n\r\n\r\n<p>Los casos de muerte injusta a menudo involucran testimonios de expertos, reconstrucci\u00f3n de accidentes, registros m\u00e9dicos y documentaci\u00f3n financiera. En J. Fine Law, manejamos estas investigaciones a fondo y con compasi\u00f3n, brindando a su familia el tiempo y el espacio para llorar mientras luchamos por la justicia.<\/p>\r\n\r\n\r\n\r\n<h2 class=\"wp-block-heading\"><strong>\u00bfQu\u00e9 Compensaci\u00f3n Est\u00e1 Disponible en una Reclamaci\u00f3n por Muerte Injusta?<\/strong><\/h2>\r\n\r\n\r\n\r\n<p>La p\u00e9rdida de un ser querido a menudo conlleva un dolor emocional abrumador, pero tambi\u00e9n puede generar graves dificultades financieras. La ley de Nueva Jersey permite a los sobrevivientes elegibles buscar una compensaci\u00f3n por:<\/p>\r\n\r\n\r\n\r\n<ul class=\"wp-block-list\">\r\n<li>P\u00e9rdida del apoyo financiero que el fallecido habr\u00eda proporcionado.<\/li>\r\n\r\n\r\n\r\n<li>Gastos m\u00e9dicos relacionados con la lesi\u00f3n o enfermedad fatal.<\/li>\r\n\r\n\r\n\r\n<li>Gastos de funeral y entierro.<\/li>\r\n\r\n\r\n\r\n<li>P\u00e9rdida de servicios, como cuidado de ni\u00f1os, mantenimiento del hogar o cuidado personal.<\/li>\r\n\r\n\r\n\r\n<li>P\u00e9rdida de compa\u00f1\u00eda, gu\u00eda y cuidado.<\/li>\r\n\r\n\r\n\r\n<li>P\u00e9rdida de consorcio (en casos que involucran a c\u00f3nyuges sobrevivientes).<\/li>\r\n\r\n\r\n\r\n<li>Dolor y sufrimiento del fallecido (a trav\u00e9s de una acci\u00f3n de supervivencia relacionada).<\/li>\r\n<\/ul>\r\n\r\n\r\n\r\n<p>Nuestro objetivo en J. Fine Law es asegurarnos de que su familia reciba el valor total de los da\u00f1os causados por esta tragedia prevenible. Trabajamos en estrecha colaboraci\u00f3n con expertos financieros y econ\u00f3micos para calcular las p\u00e9rdidas a largo plazo, asegur\u00e1ndonos de que no se quede con facturas sin pagar y un futuro incierto.<\/p>\r\n\r\n\r\n\r\n<h2 class=\"wp-block-heading\"><strong>Muerte Injusta vs. Acci\u00f3n de Supervivencia: \u00bfCu\u00e1l es la Diferencia?<\/strong><\/h2>\r\n\r\n\r\n\r\n<p>En Nueva Jersey, se pueden presentar dos reclamaciones legales separadas pero relacionadas cuando una persona fallece debido a la negligencia de otra persona:<\/p>\r\n\r\n\r\n\r\n<ul class=\"wp-block-list\">\r\n<li><strong>Demanda por Muerte Injusta:<\/strong> Se presenta en nombre de los familiares sobrevivientes para recuperar sus p\u00e9rdidas personales causadas por la muerte.<\/li>\r\n\r\n\r\n\r\n<li><strong>Acci\u00f3n de Supervivencia:<\/strong> Se presenta en nombre del patrimonio del fallecido para recuperar los da\u00f1os que la persona podr\u00eda haber reclamado si hubiera sobrevivido. Incluye una compensaci\u00f3n por:\r\n<ul class=\"wp-block-list\">\r\n<li>Dolor y sufrimiento antes de la muerte.<\/li>\r\n\r\n\r\n\r\n<li>Facturas m\u00e9dicas incurridas antes del fallecimiento.<\/li>\r\n\r\n\r\n\r\n<li>Salarios perdidos desde el momento de la lesi\u00f3n hasta la muerte.<\/li>\r\n<\/ul>\r\n<\/li>\r\n<\/ul>\r\n\r\n\r\n\r\n<p>Ambas reclamaciones a menudo se presentan juntas. Un abogado de muerte injusta en Cherry Hill, Nueva Jersey, puede ayudarlo a comprender las diferencias y garantizar que todas las reclamaciones apropiadas se presenten a tiempo.<\/p>\r\n\r\n\r\n\r\n<h2 class=\"wp-block-heading\"><strong>\u00bfCu\u00e1nto Tiempo Tiene Para Presentar una Demanda por Muerte Injusta en Nueva Jersey?<\/strong><\/h2>\r\n\r\n\r\n\r\n<p>La ley de Nueva Jersey exige que las demandas por muerte injusta se presenten dentro de los dos a\u00f1os posteriores a la fecha del fallecimiento. Esto se conoce como el estatuto de limitaciones.<\/p>\r\n\r\n\r\n\r\n<p>En casos que involucran conducta delictiva o ciertas excepciones (como menores o fraude), pueden aplicarse plazos diferentes. Sin embargo, esperar demasiado puede resultar en la p\u00e9rdida de su derecho legal a recuperar una compensaci\u00f3n.<\/p>\r\n\r\n\r\n\r\n<p>Para proteger el futuro de su familia, p\u00f3ngase en contacto con un abogado de muerte injusta en Cherry Hill, Nueva Jersey, lo antes posible. Una acci\u00f3n legal temprana tambi\u00e9n permite a su abogado preservar pruebas importantes y construir un caso s\u00f3lido.<\/p>\r\n\r\n\r\n\r\n<h2 class=\"wp-block-heading\"><strong>Por Qu\u00e9 No Deber\u00eda Confiar en las Compa\u00f1\u00edas de Seguros<\/strong><\/h2>\r\n\r\n\r\n\r\n<p>Las compa\u00f1\u00edas de seguros pueden mostrarse comprensivas despu\u00e9s de una muerte, pero su objetivo principal es limitar los pagos y proteger sus resultados. Pueden:<\/p>\r\n\r\n\r\n\r\n<ul class=\"wp-block-list\">\r\n<li>Ofrecer un acuerdo bajo desde el principio.<\/li>\r\n\r\n\r\n\r\n<li>Negar la responsabilidad o desviar la culpa.<\/li>\r\n\r\n\r\n\r\n<li>Presionarlo para que renuncie a sus derechos.<\/li>\r\n\r\n\r\n\r\n<li>Retrasar su reclamaci\u00f3n para desgastarlo.<\/li>\r\n<\/ul>\r\n\r\n\r\n\r\n<p>En J. Fine Law, conocemos estas t\u00e1cticas y no caemos en ellas. Manejamos las comunicaciones con los ajustadores de seguros, presentamos todas las reclamaciones necesarias y luchamos por una compensaci\u00f3n justa dentro o fuera de los tribunales. Deje que nuestra experiencia y reputaci\u00f3n trabajen para usted mientras su familia se concentra en la curaci\u00f3n.<\/p>\r\n\r\n\r\n\r\n<h2 class=\"wp-block-heading\"><strong>\u00bfPor Qu\u00e9 Elegir J. Fine Law?<\/strong><\/h2>\r\n\r\n\r\n\r\n<p>En J. Fine Law, tratamos cada caso de muerte injusta con la compasi\u00f3n, la dignidad y el cuidado que merece. Las familias nos eligen porque:<\/p>\r\n\r\n\r\n\r\n<ul class=\"wp-block-list\">\r\n<li>Tenemos una amplia experiencia en el manejo de reclamaciones por muerte injusta y lesiones personales.<\/li>\r\n\r\n\r\n\r\n<li>Brindamos orientaci\u00f3n legal personalizada e individualizada.<\/li>\r\n\r\n\r\n\r\n<li>Tenemos acceso a los mejores investigadores, expertos m\u00e9dicos y economistas.<\/li>\r\n\r\n\r\n\r\n<li>Manejamos las negociaciones de manera agresiva y siempre estamos listos para ir a juicio.<\/li>\r\n\r\n\r\n\r\n<li>Trabajamos con base en honorarios de contingencia: usted no paga nada a menos que recuperemos dinero para usted.<\/li>\r\n\r\n\r\n\r\n<li>Estamos profundamente comprometidos a ayudar a las familias a reconstruirse despu\u00e9s de una tragedia.<\/li>\r\n<\/ul>\r\n\r\n\r\n\r\n<p>Entendemos lo abrumador que puede ser este proceso. Nunca ser\u00e1 solo un n\u00famero de caso en nuestro bufete. Tendr\u00e1 un equipo legal que lo escucha, lucha por usted y respeta lo que est\u00e1 pasando su familia.<\/p>\r\n\r\n\r\n\r\n<h2 class=\"wp-block-heading\">P\u00f3ngase en Contacto Hoy Mismo con un Abogado de Muerte Injusta en Cherry Hill, Nueva Jersey<\/h2>\r\n\r\n\r\n\r\n<p>Perder a un ser querido es desgarrador. No deber\u00eda tener que lidiar con batallas legales y financieras adem\u00e1s de su dolor. En J. Fine Law, estamos aqu\u00ed para aliviar esa carga. Lo acompa\u00f1aremos en cada paso del camino y lucharemos para responsabilizar a las partes responsables de lo que le han quitado.<\/p>\r\n\r\n\r\n\r\n<p>No tiene que enfrentar esto solo. Llame hoy mismo para programar su consulta gratuita y confidencial con un <a href=\"https:\/\/maps.app.goo.gl\/bZbnKdL5khXTcz2m9\" target=\"_blank\" rel=\"noopener\">abogado de muerte injusta<\/a> en Cherry Hill, Nueva Jersey. Perm\u00edtanos ayudarlo a encontrar respuestas, cierre y justicia.<\/p>\r\n","protected":false},"excerpt":{"rendered":"<p>Apoyo Legal Compasivo para Familias Que Han Perdido a un Ser Querido Perder a un ser querido siempre es devastador, pero cuando su muerte fue causada por la negligencia, descuido o mala conducta de otra persona, el dolor puede ser a\u00fan m\u00e1s dif\u00edcil de soportar. Usted puede quedarse con preguntas, ira y una abrumadora sensaci\u00f3n [&hellip;]<\/p>\n","protected":false},"author":7,"featured_media":4565,"parent":0,"menu_order":0,"comment_status":"closed","ping_status":"closed","template":"","meta":{"site-sidebar-layout":"default","site-content-layout":"","ast-site-content-layout":"default","site-content-style":"default","site-sidebar-style":"default","ast-global-header-display":"","ast-banner-title-visibility":"","ast-main-header-display":"","ast-hfb-above-header-display":"","ast-hfb-below-header-display":"","ast-hfb-mobile-header-display":"","site-post-title":"","ast-breadcrumbs-content":"","ast-featured-img":"","footer-sml-layout":"","ast-disable-related-posts":"","theme-transparent-header-meta":"default","adv-header-id-meta":"","stick-header-meta":"","header-above-stick-meta":"","header-main-stick-meta":"","header-below-stick-meta":"","astra-migrate-meta-layouts":"set","ast-page-background-enabled":"default","ast-page-background-meta":{"desktop":{"background-color":"var(--ast-global-color-4)","background-image":"","background-repeat":"repeat","background-position":"center center","background-size":"auto","background-attachment":"scroll","background-type":"","background-media":"","overlay-type":"","overlay-color":"","overlay-opacity":"","overlay-gradient":""},"tablet":{"background-color":"","background-image":"","background-repeat":"repeat","background-position":"center center","background-size":"auto","background-attachment":"scroll","background-type":"","background-media":"","overlay-type":"","overlay-color":"","overlay-opacity":"","overlay-gradient":""},"mobile":{"background-color":"","background-image":"","background-repeat":"repeat","background-position":"center center","background-size":"auto","background-attachment":"scroll","background-type":"","background-media":"","overlay-type":"","overlay-color":"","overlay-opacity":"","overlay-gradient":""}},"ast-content-background-meta":{"desktop":{"background-color":"var(--ast-global-color-5)","background-image":"","background-repeat":"repeat","background-position":"center center","background-size":"auto","background-attachment":"scroll","background-type":"","background-media":"","overlay-type":"","overlay-color":"","overlay-opacity":"","overlay-gradient":""},"tablet":{"background-color":"var(--ast-global-color-5)","background-image":"","background-repeat":"repeat","background-position":"center center","background-size":"auto","background-attachment":"scroll","background-type":"","background-media":"","overlay-type":"","overlay-color":"","overlay-opacity":"","overlay-gradient":""},"mobile":{"background-color":"var(--ast-global-color-5)","background-image":"","background-repeat":"repeat","background-position":"center center","background-size":"auto","background-attachment":"scroll","background-type":"","background-media":"","overlay-type":"","overlay-color":"","overlay-opacity":"","overlay-gradient":""}},"iawp_total_views":0,"footnotes":""},"class_list":["post-4564","page","type-page","status-publish","has-post-thumbnail","hentry"],"_links":{"self":[{"href":"https:\/\/jfinelaw.triplestarter.com\/es\/wp-json\/wp\/v2\/pages\/4564","targetHints":{"allow":["GET"]}}],"collection":[{"href":"https:\/\/jfinelaw.triplestarter.com\/es\/wp-json\/wp\/v2\/pages"}],"about":[{"href":"https:\/\/jfinelaw.triplestarter.com\/es\/wp-json\/wp\/v2\/types\/page"}],"author":[{"embeddable":true,"href":"https:\/\/jfinelaw.triplestarter.com\/es\/wp-json\/wp\/v2\/users\/7"}],"replies":[{"embeddable":true,"href":"https:\/\/jfinelaw.triplestarter.com\/es\/wp-json\/wp\/v2\/comments?post=4564"}],"version-history":[{"count":3,"href":"https:\/\/jfinelaw.triplestarter.com\/es\/wp-json\/wp\/v2\/pages\/4564\/revisions"}],"predecessor-version":[{"id":4777,"href":"https:\/\/jfinelaw.triplestarter.com\/es\/wp-json\/wp\/v2\/pages\/4564\/revisions\/4777"}],"wp:featuredmedia":[{"embeddable":true,"href":"https:\/\/jfinelaw.triplestarter.com\/es\/wp-json\/wp\/v2\/media\/4565"}],"wp:attachment":[{"href":"https:\/\/jfinelaw.triplestarter.com\/es\/wp-json\/wp\/v2\/media?parent=4564"}],"curies":[{"name":"wp","href":"https:\/\/api.w.org\/{rel}","templated":true}]}}