{"id":4633,"date":"2025-03-20T18:46:00","date_gmt":"2025-03-20T18:46:00","guid":{"rendered":"https:\/\/jfinelaw.triplestarter.com\/?page_id=4633"},"modified":"2025-06-20T17:17:40","modified_gmt":"2025-06-20T17:17:40","slug":"abogados-de-abuso-en-hogares-de-ancianos-en-filadelfia","status":"publish","type":"page","link":"https:\/\/jfinelaw.triplestarter.com\/es\/abogados-de-abuso-en-hogares-de-ancianos-en-filadelfia\/","title":{"rendered":"Abogados de Abuso en Hogares de Ancianos en Filadelfia"},"content":{"rendered":"\r\n<p>El personal corporativo y los facilitadores de atenci\u00f3n que trabajan en hogares de ancianos y otros centros de atenci\u00f3n a largo plazo tienen la obligaci\u00f3n legal y moral de velar por la salud y la seguridad de los ancianos y las mujeres que lo llaman hogar. No importa cu\u00e1l sea la raz\u00f3n por la que su ser querido anciano vive en un hogar de ancianos, tiene derecho a recibir la atenci\u00f3n, el respeto y la protecci\u00f3n adecuados. Si su ser querido ha resultado lesionado mientras estaba al cuidado de un hogar de ancianos o un centro de atenci\u00f3n m\u00e9dica a largo plazo, es posible que se le deba una compensaci\u00f3n por lesiones, dolor y sufrimiento. Los dedicados <a href=\"https:\/\/jfinelaw.triplestarter.com\/es\/\">abogados de abuso en hogares de ancianos<\/a> de J. Fine Law est\u00e1n comprometidos con los derechos de las v\u00edctimas ancianas que han sufrido lesiones de cualquier tipo a manos de un hogar de ancianos. Lucharemos para que su familia obtenga la compensaci\u00f3n que merece. Llame hoy mismo a nuestros abogados experimentados y dedicados al <strong>(888) 913-3899<\/strong> o al <strong>1-800-HURT-123<\/strong> o complete nuestro formulario de <strong>consulta gratuita<\/strong> sobre su caso de negligencia en un hogar de ancianos.<\/p>\r\n\r\n\r\n\r\n<h2 class=\"wp-block-heading\"><strong>Signos de Abuso de Ancianos en un Hogar de Ancianos<\/strong><\/h2>\r\n\r\n\r\n\r\n<p>Desafortunadamente, una cantidad significativa de casos de abuso en hogares de ancianos no se denuncian. Ya sea porque la v\u00edctima no puede compartir la informaci\u00f3n f\u00edsicamente o porque la persona mayor no puede comprender la atenci\u00f3n que merece, ante la primera se\u00f1al de abuso, comun\u00edquese de inmediato con nuestro bufete de abogados de negligencia en hogares de ancianos. Los signos f\u00edsicos obvios de abuso incluyen \u00falceras por presi\u00f3n, desnutrici\u00f3n, huesos rotos por una ca\u00edda y errores m\u00e9dicos que podr\u00edan conducir a la negligencia m\u00e1s grave: la muerte. Las demandas por negligencia tambi\u00e9n incluyen el abuso mental y emocional, que es mucho m\u00e1s dif\u00edcil de identificar. El abuso emocional se refiere a amenazas verbales, aislamiento, insultos y el uso de t\u00e1cticas de miedo para controlar a los residentes. Otras formas de casos de negligencia en hogares de ancianos que hemos asesorado incluyen falta de supervisi\u00f3n, agresi\u00f3n sexual, coerci\u00f3n y robo. Ya sea que el abuso haya ocurrido una vez o muchas veces en el transcurso de meses o a\u00f1os, es esencial que se asocie con un bufete de abogados de abuso en hogares de ancianos para luchar por los derechos de la v\u00edctima anciana.<\/p>\r\n\r\n\r\n\r\n<h2 class=\"wp-block-heading\"><strong>Importancia de Contratar a un Abogado de Abuso en Hogares de Ancianos<\/strong><\/h2>\r\n\r\n\r\n\r\n<p>Contratar a un abogado de abuso en hogares de ancianos responsabiliza al centro de atenci\u00f3n y a su personal por sus atroces actos de negligencia, abuso y maltrato de sus residentes. Adem\u00e1s de la compensaci\u00f3n para la v\u00edctima y la familia, la demanda puede llevar a la p\u00e9rdida de licencias, fondos federales y empleos para todos los involucrados. Adem\u00e1s, presentar una demanda protege a otros hombres y mujeres al cuidado de un hogar de ancianos de ser susceptibles a los mismos tipos de maltrato y negligencia. Si sospecha que su ser querido ha sido v\u00edctima de abuso en un hogar de ancianos, comun\u00edquese hoy mismo con J. Fine Law para hablar con nuestros experimentados <a href=\"https:\/\/maps.app.goo.gl\/bZbnKdL5khXTcz2m9\" target=\"_blank\" rel=\"noopener\">abogados de abuso en hogares de ancianos<\/a>. Existe un plazo de prescripci\u00f3n para la cantidad de tiempo que tiene para presentar una demanda y buscar justicia.<\/p>\r\n\r\n\r\n\r\n<h2 class=\"wp-block-heading\"><strong>P\u00f3ngase en Contacto con Nuestros Abogados de Negligencia en Hogares de Ancianos<\/strong><\/h2>\r\n\r\n\r\n\r\n<p>Los abogados de J. Fine Law han recuperado m\u00e1s de $50 millones en veredictos y acuerdos negociados para nuestros clientes. Luchamos por los derechos de cada uno de nuestros clientes, dedic\u00e1ndonos a cada caso y obteniendo para usted y su familia la compensaci\u00f3n que merecen. Llame al <strong>1-800-HURT-123<\/strong> para una consulta gratuita y confidencial, o visite cualquiera de nuestras oficinas en Filadelfia PA, Feasterville PA o Cherry Hill NJ. Hemos manejado casos de hogares de ancianos en casi todos los condados de Pensilvania y Nueva Jersey.<\/p>\r\n","protected":false},"excerpt":{"rendered":"<p>El personal corporativo y los facilitadores de atenci\u00f3n que trabajan en hogares de ancianos y otros centros de atenci\u00f3n a largo plazo tienen la obligaci\u00f3n legal y moral de velar por la salud y la seguridad de los ancianos y las mujeres que lo llaman hogar. No importa cu\u00e1l sea la raz\u00f3n por la que [&hellip;]<\/p>\n","protected":false},"author":7,"featured_media":4814,"parent":0,"menu_order":0,"comment_status":"closed","ping_status":"closed","template":"","meta":{"site-sidebar-layout":"default","site-content-layout":"","ast-site-content-layout":"default","site-content-style":"default","site-sidebar-style":"default","ast-global-header-display":"","ast-banner-title-visibility":"","ast-main-header-display":"","ast-hfb-above-header-display":"","ast-hfb-below-header-display":"","ast-hfb-mobile-header-display":"","site-post-title":"","ast-breadcrumbs-content":"","ast-featured-img":"","footer-sml-layout":"","ast-disable-related-posts":"","theme-transparent-header-meta":"default","adv-header-id-meta":"","stick-header-meta":"","header-above-stick-meta":"","header-main-stick-meta":"","header-below-stick-meta":"","astra-migrate-meta-layouts":"set","ast-page-background-enabled":"default","ast-page-background-meta":{"desktop":{"background-color":"var(--ast-global-color-4)","background-image":"","background-repeat":"repeat","background-position":"center center","background-size":"auto","background-attachment":"scroll","background-type":"","background-media":"","overlay-type":"","overlay-color":"","overlay-opacity":"","overlay-gradient":""},"tablet":{"background-color":"","background-image":"","background-repeat":"repeat","background-position":"center center","background-size":"auto","background-attachment":"scroll","background-type":"","background-media":"","overlay-type":"","overlay-color":"","overlay-opacity":"","overlay-gradient":""},"mobile":{"background-color":"","background-image":"","background-repeat":"repeat","background-position":"center center","background-size":"auto","background-attachment":"scroll","background-type":"","background-media":"","overlay-type":"","overlay-color":"","overlay-opacity":"","overlay-gradient":""}},"ast-content-background-meta":{"desktop":{"background-color":"var(--ast-global-color-5)","background-image":"","background-repeat":"repeat","background-position":"center center","background-size":"auto","background-attachment":"scroll","background-type":"","background-media":"","overlay-type":"","overlay-color":"","overlay-opacity":"","overlay-gradient":""},"tablet":{"background-color":"var(--ast-global-color-5)","background-image":"","background-repeat":"repeat","background-position":"center center","background-size":"auto","background-attachment":"scroll","background-type":"","background-media":"","overlay-type":"","overlay-color":"","overlay-opacity":"","overlay-gradient":""},"mobile":{"background-color":"var(--ast-global-color-5)","background-image":"","background-repeat":"repeat","background-position":"center center","background-size":"auto","background-attachment":"scroll","background-type":"","background-media":"","overlay-type":"","overlay-color":"","overlay-opacity":"","overlay-gradient":""}},"iawp_total_views":4,"footnotes":""},"class_list":["post-4633","page","type-page","status-publish","has-post-thumbnail","hentry"],"_links":{"self":[{"href":"https:\/\/jfinelaw.triplestarter.com\/es\/wp-json\/wp\/v2\/pages\/4633","targetHints":{"allow":["GET"]}}],"collection":[{"href":"https:\/\/jfinelaw.triplestarter.com\/es\/wp-json\/wp\/v2\/pages"}],"about":[{"href":"https:\/\/jfinelaw.triplestarter.com\/es\/wp-json\/wp\/v2\/types\/page"}],"author":[{"embeddable":true,"href":"https:\/\/jfinelaw.triplestarter.com\/es\/wp-json\/wp\/v2\/users\/7"}],"replies":[{"embeddable":true,"href":"https:\/\/jfinelaw.triplestarter.com\/es\/wp-json\/wp\/v2\/comments?post=4633"}],"version-history":[{"count":3,"href":"https:\/\/jfinelaw.triplestarter.com\/es\/wp-json\/wp\/v2\/pages\/4633\/revisions"}],"predecessor-version":[{"id":5146,"href":"https:\/\/jfinelaw.triplestarter.com\/es\/wp-json\/wp\/v2\/pages\/4633\/revisions\/5146"}],"wp:featuredmedia":[{"embeddable":true,"href":"https:\/\/jfinelaw.triplestarter.com\/es\/wp-json\/wp\/v2\/media\/4814"}],"wp:attachment":[{"href":"https:\/\/jfinelaw.triplestarter.com\/es\/wp-json\/wp\/v2\/media?parent=4633"}],"curies":[{"name":"wp","href":"https:\/\/api.w.org\/{rel}","templated":true}]}}