{"id":4940,"date":"2025-03-20T18:48:05","date_gmt":"2025-03-20T18:48:05","guid":{"rendered":"https:\/\/jfinelaw.triplestarter.com\/?page_id=4596"},"modified":"2025-06-23T15:33:32","modified_gmt":"2025-06-23T15:33:32","slug":"abogado-de-accidentes-por-tropiezos-y-caidas-en","status":"publish","type":"page","link":"https:\/\/jfinelaw.triplestarter.com\/es\/abogado-de-accidentes-por-tropiezos-y-caidas-en\/","title":{"rendered":"Abogado de Accidentes por Tropiezos y Ca\u00eddas en Filadelfia"},"content":{"rendered":"\r\n<p>Los abogados expertos, instruidos y dedicados de <strong>J. Fine Law<\/strong> tienen m\u00e1s de 20 a\u00f1os de experiencia representando a clientes en demandas por accidentes de tropiezos y ca\u00eddas en Filadelfia, hasta el condado de Erie PA, y en Nueva Jersey. Si usted o un ser querido ha sufrido un accidente por tropiezo o resbal\u00f3n y ca\u00edda, es imperativo que asegure representaci\u00f3n legal competente de inmediato. Con nuestro bufete de abogados de lesiones personales de su lado, protegeremos sus derechos, recopilaremos pruebas y documentaremos adecuadamente las lesiones, las visitas al m\u00e9dico y todas las opciones de tratamiento seguidas para construir el caso m\u00e1s s\u00f3lido posible. \u00a1J. Fine Law ha recuperado millones en acuerdos por lesiones personales para casos de accidentes por tropiezos y ca\u00eddas cada a\u00f1o! Llame a nuestro <a href=\"https:\/\/jfinelaw.triplestarter.com\/es\/\">abogado de accidentes por tropiezos y ca\u00eddas<\/a> hoy mismo al <strong>(888) 913-3899<\/strong>, complete este formulario o llame al <strong>1-800-HURT-123<\/strong> desde el lugar del accidente para una consulta gratuita de su caso.<\/p>\r\n\r\n\r\n\r\n<h2 class=\"wp-block-heading\"><strong>Pasos a Seguir Despu\u00e9s de un Accidente por Tropiezo y Ca\u00edda<\/strong><\/h2>\r\n\r\n\r\n\r\n<p>Aunque no hay dos casos de tropiezos y ca\u00eddas iguales, generalmente ocurren debido a la negligencia del propietario de la propiedad. Las causas m\u00e1s comunes que maneja nuestro bufete de abogados incluyen aceras agrietadas, tablas de piso sueltas, escaleras irregulares, mala iluminaci\u00f3n que afecta la visibilidad, baches y m\u00e1s. Si ha estado involucrado en un accidente por resbal\u00f3n o tropiezo y ca\u00edda, su primer paso es buscar atenci\u00f3n m\u00e9dica, sin importar cu\u00e1n leves crea que son las lesiones. Los registros m\u00e9dicos obtenidos ser\u00e1n una pieza vital de evidencia cuando nuestro caso vaya a juicio. Si puede, tome fotos de la escena del accidente (o regrese despu\u00e9s del hecho) para se\u00f1alar exactamente qu\u00e9 caus\u00f3 su ca\u00edda y las lesiones posteriores e informe el incidente al propietario o gerente. Finalmente, llame a un bufete de abogados que se especialice en lesiones personales y demandas por tropiezos y ca\u00eddas para asegurar una representaci\u00f3n legal adecuada y garantizar que obtenga la compensaci\u00f3n completa que merece por sus lesiones, da\u00f1os y p\u00e9rdidas.<\/p>\r\n\r\n\r\n\r\n<h2 class=\"wp-block-heading\"><strong>Consultas Gratuitas con un Abogado de Accidentes por Tropiezos y Ca\u00eddas<\/strong><\/h2>\r\n\r\n\r\n\r\n<p>Se ofrecen consultas gratuitas y confidenciales en cualquiera de nuestras tres oficinas en Filadelfia PA, Feasterville PA y Cherry Hill NJ, o por tel\u00e9fono al <strong>(888) 913-3899<\/strong>. Nuestros abogados est\u00e1n equipados con el conocimiento y la experiencia en juicios necesarios para obtener una compensaci\u00f3n completa por lesiones, facturas m\u00e9dicas, salarios perdidos, dolor y sufrimiento, discapacidad y costos m\u00e9dicos futuros. Las v\u00edctimas solo tienen dos a\u00f1os desde el momento del accidente para presentar un reclamo; \u00a1no dude! Nuestros abogados de lesiones personales est\u00e1n listos para hablar a cualquier hora del d\u00eda o de la noche para discutir su caso y sus opciones disponibles.<\/p>\r\n\r\n\r\n\r\n<p>Si ha resultado lesionado en un accidente por tropiezo y ca\u00edda, no tiene que sufrir sus lesiones o gastos solo. Llame a J. Fine Law hoy mismo al <strong>(888) 913-3899<\/strong>, complete el formulario en esta p\u00e1gina web o llame al <strong>1-800-HURT-123<\/strong> desde el lugar del accidente para analizar c\u00f3mo nuestro bufete de abogados puede representarlo. Especializado en casos de lesiones personales, <a href=\"https:\/\/maps.app.goo.gl\/bZbnKdL5khXTcz2m9\" target=\"_blank\" rel=\"noopener\">J. Fine Law<\/a> tambi\u00e9n est\u00e1 disponible para accidentes automovil\u00edsticos, accidentes laborales, accidentes de bicicleta, abuso en hogares de ancianos, colisiones de viajes compartidos de Uber y m\u00e1s.<\/p>\r\n","protected":false},"excerpt":{"rendered":"<p>Los abogados expertos, instruidos y dedicados de J. Fine Law tienen m\u00e1s de 20 a\u00f1os de experiencia representando a clientes en demandas por accidentes de tropiezos y ca\u00eddas en Filadelfia, hasta el condado de Erie PA, y en Nueva Jersey. Si usted o un ser querido ha sufrido un accidente por tropiezo o resbal\u00f3n y [&hellip;]<\/p>\n","protected":false},"author":7,"featured_media":4818,"parent":0,"menu_order":0,"comment_status":"closed","ping_status":"closed","template":"","meta":{"site-sidebar-layout":"default","site-content-layout":"","ast-site-content-layout":"default","site-content-style":"default","site-sidebar-style":"default","ast-global-header-display":"","ast-banner-title-visibility":"","ast-main-header-display":"","ast-hfb-above-header-display":"","ast-hfb-below-header-display":"","ast-hfb-mobile-header-display":"","site-post-title":"","ast-breadcrumbs-content":"","ast-featured-img":"","footer-sml-layout":"","ast-disable-related-posts":"","theme-transparent-header-meta":"default","adv-header-id-meta":"","stick-header-meta":"","header-above-stick-meta":"","header-main-stick-meta":"","header-below-stick-meta":"","astra-migrate-meta-layouts":"set","ast-page-background-enabled":"default","ast-page-background-meta":{"desktop":{"background-color":"var(--ast-global-color-4)","background-image":"","background-repeat":"repeat","background-position":"center center","background-size":"auto","background-attachment":"scroll","background-type":"","background-media":"","overlay-type":"","overlay-color":"","overlay-opacity":"","overlay-gradient":""},"tablet":{"background-color":"","background-image":"","background-repeat":"repeat","background-position":"center center","background-size":"auto","background-attachment":"scroll","background-type":"","background-media":"","overlay-type":"","overlay-color":"","overlay-opacity":"","overlay-gradient":""},"mobile":{"background-color":"","background-image":"","background-repeat":"repeat","background-position":"center center","background-size":"auto","background-attachment":"scroll","background-type":"","background-media":"","overlay-type":"","overlay-color":"","overlay-opacity":"","overlay-gradient":""}},"ast-content-background-meta":{"desktop":{"background-color":"var(--ast-global-color-5)","background-image":"","background-repeat":"repeat","background-position":"center center","background-size":"auto","background-attachment":"scroll","background-type":"","background-media":"","overlay-type":"","overlay-color":"","overlay-opacity":"","overlay-gradient":""},"tablet":{"background-color":"var(--ast-global-color-5)","background-image":"","background-repeat":"repeat","background-position":"center center","background-size":"auto","background-attachment":"scroll","background-type":"","background-media":"","overlay-type":"","overlay-color":"","overlay-opacity":"","overlay-gradient":""},"mobile":{"background-color":"var(--ast-global-color-5)","background-image":"","background-repeat":"repeat","background-position":"center center","background-size":"auto","background-attachment":"scroll","background-type":"","background-media":"","overlay-type":"","overlay-color":"","overlay-opacity":"","overlay-gradient":""}},"iawp_total_views":1,"footnotes":""},"class_list":["post-4940","page","type-page","status-publish","has-post-thumbnail","hentry"],"_links":{"self":[{"href":"https:\/\/jfinelaw.triplestarter.com\/es\/wp-json\/wp\/v2\/pages\/4940","targetHints":{"allow":["GET"]}}],"collection":[{"href":"https:\/\/jfinelaw.triplestarter.com\/es\/wp-json\/wp\/v2\/pages"}],"about":[{"href":"https:\/\/jfinelaw.triplestarter.com\/es\/wp-json\/wp\/v2\/types\/page"}],"author":[{"embeddable":true,"href":"https:\/\/jfinelaw.triplestarter.com\/es\/wp-json\/wp\/v2\/users\/7"}],"replies":[{"embeddable":true,"href":"https:\/\/jfinelaw.triplestarter.com\/es\/wp-json\/wp\/v2\/comments?post=4940"}],"version-history":[{"count":4,"href":"https:\/\/jfinelaw.triplestarter.com\/es\/wp-json\/wp\/v2\/pages\/4940\/revisions"}],"predecessor-version":[{"id":5154,"href":"https:\/\/jfinelaw.triplestarter.com\/es\/wp-json\/wp\/v2\/pages\/4940\/revisions\/5154"}],"wp:featuredmedia":[{"embeddable":true,"href":"https:\/\/jfinelaw.triplestarter.com\/es\/wp-json\/wp\/v2\/media\/4818"}],"wp:attachment":[{"href":"https:\/\/jfinelaw.triplestarter.com\/es\/wp-json\/wp\/v2\/media?parent=4940"}],"curies":[{"name":"wp","href":"https:\/\/api.w.org\/{rel}","templated":true}]}}