{"id":4944,"date":"2025-03-20T18:48:46","date_gmt":"2025-03-20T18:48:46","guid":{"rendered":"https:\/\/jfinelaw.triplestarter.com\/?page_id=4611"},"modified":"2025-06-13T20:31:46","modified_gmt":"2025-06-13T20:31:46","slug":"abogados-de-lesiones-por-viajes-compartidos-en-filadelfia","status":"publish","type":"page","link":"https:\/\/jfinelaw.triplestarter.com\/es\/abogados-de-lesiones-por-viajes-compartidos-en-filadelfia\/","title":{"rendered":"Abogados de Lesiones por Viajes Compartidos en Filadelfia"},"content":{"rendered":"\n<p>Las compa\u00f1\u00edas de viajes compartidos como Uber, Lyft, taxis e incluso limusinas ofrecen muchos beneficios a los pasajeros que utilizan estos servicios. Adem\u00e1s de la comodidad de poder solicitar un viaje cuando m\u00e1s lo necesita, el viaje compartido es una excelente manera de moverse r\u00e1pida y econ\u00f3micamente por la ciudad de Filadelfia. Sin embargo, los beneficios no eliminan el hecho de que los veh\u00edculos de viaje compartido son susceptibles de sufrir un accidente automovil\u00edstico. Si usted era el pasajero o conductor de un Uber, Lyft, Taxi, o su veh\u00edculo fue golpeado por un veh\u00edculo que se utilizaba para un viaje compartido que estuvo en un accidente y ha resultado lesionado, necesita un bufete de abogados de su lado para luchar por sus derechos. \u00a1Llame a J. Fine Law de forma gratuita al <strong>1-800-HURT-123<\/strong> para una consulta gratuita con nuestros abogados de lesiones por viajes compartidos y analizar sus opciones!<\/p>\n\n\n\n<p>J. Fine Law est\u00e1 compuesto por un equipo de abogados de lesiones personales de primer nivel que comprenden las circunstancias \u00fanicas que rodean los accidentes de viajes compartidos y sus derechos como conductor o pasajero. Con oficinas de abogados en <strong>Filadelfia PA<\/strong>, <strong>Feasterville PA<\/strong> y <strong>Cherry Hill NJ<\/strong>, tenemos la experiencia para obtener la compensaci\u00f3n justa que merece. Nuestros abogados de lesiones por viajes compartidos luchar\u00e1n arduamente contra Uber, Lyft y\/o sus compa\u00f1\u00edas de seguros para cobrar los da\u00f1os por dolor y sufrimiento, as\u00ed como las facturas m\u00e9dicas.<\/p>\n\n\n\n<h2 class=\"wp-block-heading\"><strong>\u00bfPor Qu\u00e9 Ocurren los Accidentes de Uber, Lyft y Viajes Compartidos?<\/strong> <\/h2>\n\n\n\n<p>Todos los d\u00edas corremos el riesgo de conducir nuestro veh\u00edculo sabiendo que existe la posibilidad de que ocurra un accidente automovil\u00edstico, generalmente sin que sea culpa nuestra. Subirse a un veh\u00edculo de viaje compartido Uber, Lyft o taxi no es diferente y, a veces, conlleva un mayor riesgo. Si estuvo involucrado en un accidente de veh\u00edculo de viaje compartido por cualquiera de las siguientes razones, llame hoy mismo para hablar con uno de los abogados con experiencia en lesiones personales de J. Fine Law.<\/p>\n\n\n\n<ul class=\"wp-block-list\">\n<li><strong>Pr\u00e1cticas de Contrataci\u00f3n Laxas:<\/strong> Casi cualquier persona con una licencia de conducir v\u00e1lida, seguro y sin accidentes\/multas importantes en los \u00faltimos 7 a\u00f1os puede conseguir un trabajo con una compa\u00f1\u00eda de viajes compartidos. Los conductores no est\u00e1n capacitados y no hay una reuni\u00f3n oficial entre la compa\u00f1\u00eda y el conductor antes de que se les permita recoger pasajeros. Estos factores ciertamente conllevan una probabilidad muy alta de que usted pueda convertirse en la v\u00edctima de un accidente automovil\u00edstico.<\/li>\n\n\n\n<li><strong>Fatiga:<\/strong> Muchos pasajeros utilizan los servicios de viajes compartidos a altas horas de la noche, despu\u00e9s de la cena y las bebidas, cuando no es seguro que conduzcan a casa. En consecuencia, los conductores enfrentan largas horas, muchos de los cuales utilizan esto como una segunda fuente de ingresos. No es raro que los conductores se sientan exhaustos y distra\u00eddos cuando comienzan su turno nocturno, lo que f\u00e1cilmente podr\u00eda causar distracci\u00f3n y un accidente.<\/li>\n\n\n\n<li><strong>Negligencia:<\/strong> Si bien es responsabilidad del conductor cumplir con las leyes de tr\u00e1nsito y seguridad, a veces simplemente no lo hacen. Saltarse un sem\u00e1foro, conducir a exceso de velocidad y, en general, la conducci\u00f3n imprudente casi siempre conducen a un accidente, a veces con consecuencias importantes y da\u00f1os que se le deben a usted como pasajero.<\/li>\n\n\n\n<li><strong>Accidentes Automovil\u00edsticos Comunes:<\/strong> Algunos accidentes son, desafortunadamente, inevitables y ocurren de vez en cuando. Ya sea por culpa del conductor del veh\u00edculo de viaje compartido o de otro autom\u00f3vil involucrado, usted puede ser elegible para una compensaci\u00f3n por facturas m\u00e9dicas y otros da\u00f1os.<\/li>\n<\/ul>\n\n\n\n<h2 class=\"wp-block-heading\"><strong>Pasos a Seguir Despu\u00e9s de un Accidente Automovil\u00edstico de Viaje Compartido<\/strong> <\/h2>\n\n\n\n<p>Al igual que cualquier otro accidente, hay pasos involucrados que deben tomarse inmediatamente despu\u00e9s para garantizar que nuestros abogados de lesiones personales puedan determinar la causa probable. Estos pasos deben seguirse despu\u00e9s de que est\u00e9 claro que todas las partes involucradas no han sufrido lesiones graves. Si ese es el caso, llame al 911 inmediatamente antes de tomar m\u00e1s medidas. Primero, aseg\u00farese de reportar el accidente en la aplicaci\u00f3n de Uber, la aplicaci\u00f3n de Lyft o llame directamente a la compa\u00f1\u00eda de taxis si no hay una aplicaci\u00f3n disponible. En segundo lugar, llame a su proveedor de seguros para reportar el accidente y a la polic\u00eda para presentar un informe. Por \u00faltimo, tome fotograf\u00edas de todos los da\u00f1os para documentaci\u00f3n y pruebas posteriores. Finalmente, llame a nuestros abogados de accidentes de Uber y Lyft para analizar su caso. Tenemos el conocimiento y la experiencia para luchar contra estas corporaciones y asegurarnos de que se le compense de manera justa.<\/p>\n\n\n\n<h2 class=\"wp-block-heading\"><strong>Consulta Gratuita con Abogados Profesionales de Lesiones por Viajes Compartidos<\/strong> <\/h2>\n\n\n\n<p>\u00a1No intente luchar solo contra un accidente de veh\u00edculo de Uber o Lyft! Estas enormes corporaciones multimillonarias tienen recursos ilimitados para luchar contra las reclamaciones legales. Conf\u00ede en los abogados de lesiones personales de J. Fine Law para que luchen en su nombre; hemos ayudado tanto a pasajeros como a conductores. Le quitaremos el estr\u00e9s y nos aseguraremos de que obtenga un acuerdo justo por sus da\u00f1os, lesiones y\/o facturas m\u00e9dicas. Se ofrecen consultas gratuitas en cualquiera de nuestras tres oficinas en Filadelfia PA, Feasterville PA o Cherry Hill NJ. Nuestros abogados dedicados tambi\u00e9n est\u00e1n disponibles para consultas telef\u00f3nicas gratuitas al <strong>1-800-HURT-123<\/strong>.<\/p>\n","protected":false},"excerpt":{"rendered":"<p>Las compa\u00f1\u00edas de viajes compartidos como Uber, Lyft, taxis e incluso limusinas ofrecen muchos beneficios a los pasajeros que utilizan estos servicios. Adem\u00e1s de la comodidad de poder solicitar un viaje cuando m\u00e1s lo necesita, el viaje compartido es una excelente manera de moverse r\u00e1pida y econ\u00f3micamente por la ciudad de Filadelfia. Sin embargo, los [&hellip;]<\/p>\n","protected":false},"author":7,"featured_media":4612,"parent":0,"menu_order":0,"comment_status":"closed","ping_status":"closed","template":"","meta":{"site-sidebar-layout":"default","site-content-layout":"","ast-site-content-layout":"default","site-content-style":"default","site-sidebar-style":"default","ast-global-header-display":"","ast-banner-title-visibility":"","ast-main-header-display":"","ast-hfb-above-header-display":"","ast-hfb-below-header-display":"","ast-hfb-mobile-header-display":"","site-post-title":"","ast-breadcrumbs-content":"","ast-featured-img":"","footer-sml-layout":"","ast-disable-related-posts":"","theme-transparent-header-meta":"default","adv-header-id-meta":"","stick-header-meta":"","header-above-stick-meta":"","header-main-stick-meta":"","header-below-stick-meta":"","astra-migrate-meta-layouts":"set","ast-page-background-enabled":"default","ast-page-background-meta":{"desktop":{"background-color":"var(--ast-global-color-4)","background-image":"","background-repeat":"repeat","background-position":"center center","background-size":"auto","background-attachment":"scroll","background-type":"","background-media":"","overlay-type":"","overlay-color":"","overlay-opacity":"","overlay-gradient":""},"tablet":{"background-color":"","background-image":"","background-repeat":"repeat","background-position":"center center","background-size":"auto","background-attachment":"scroll","background-type":"","background-media":"","overlay-type":"","overlay-color":"","overlay-opacity":"","overlay-gradient":""},"mobile":{"background-color":"","background-image":"","background-repeat":"repeat","background-position":"center center","background-size":"auto","background-attachment":"scroll","background-type":"","background-media":"","overlay-type":"","overlay-color":"","overlay-opacity":"","overlay-gradient":""}},"ast-content-background-meta":{"desktop":{"background-color":"var(--ast-global-color-5)","background-image":"","background-repeat":"repeat","background-position":"center center","background-size":"auto","background-attachment":"scroll","background-type":"","background-media":"","overlay-type":"","overlay-color":"","overlay-opacity":"","overlay-gradient":""},"tablet":{"background-color":"var(--ast-global-color-5)","background-image":"","background-repeat":"repeat","background-position":"center center","background-size":"auto","background-attachment":"scroll","background-type":"","background-media":"","overlay-type":"","overlay-color":"","overlay-opacity":"","overlay-gradient":""},"mobile":{"background-color":"var(--ast-global-color-5)","background-image":"","background-repeat":"repeat","background-position":"center center","background-size":"auto","background-attachment":"scroll","background-type":"","background-media":"","overlay-type":"","overlay-color":"","overlay-opacity":"","overlay-gradient":""}},"iawp_total_views":1,"footnotes":""},"class_list":["post-4944","page","type-page","status-publish","has-post-thumbnail","hentry"],"_links":{"self":[{"href":"https:\/\/jfinelaw.triplestarter.com\/es\/wp-json\/wp\/v2\/pages\/4944","targetHints":{"allow":["GET"]}}],"collection":[{"href":"https:\/\/jfinelaw.triplestarter.com\/es\/wp-json\/wp\/v2\/pages"}],"about":[{"href":"https:\/\/jfinelaw.triplestarter.com\/es\/wp-json\/wp\/v2\/types\/page"}],"author":[{"embeddable":true,"href":"https:\/\/jfinelaw.triplestarter.com\/es\/wp-json\/wp\/v2\/users\/7"}],"replies":[{"embeddable":true,"href":"https:\/\/jfinelaw.triplestarter.com\/es\/wp-json\/wp\/v2\/comments?post=4944"}],"version-history":[{"count":1,"href":"https:\/\/jfinelaw.triplestarter.com\/es\/wp-json\/wp\/v2\/pages\/4944\/revisions"}],"predecessor-version":[{"id":4956,"href":"https:\/\/jfinelaw.triplestarter.com\/es\/wp-json\/wp\/v2\/pages\/4944\/revisions\/4956"}],"wp:featuredmedia":[{"embeddable":true,"href":"https:\/\/jfinelaw.triplestarter.com\/es\/wp-json\/wp\/v2\/menu-items\/4612"}],"wp:attachment":[{"href":"https:\/\/jfinelaw.triplestarter.com\/es\/wp-json\/wp\/v2\/media?parent=4944"}],"curies":[{"name":"wp","href":"https:\/\/api.w.org\/{rel}","templated":true}]}}