{"id":4945,"date":"2025-03-20T18:43:00","date_gmt":"2025-03-20T18:43:00","guid":{"rendered":"https:\/\/jfinelaw.triplestarter.com\/?page_id=4623"},"modified":"2025-06-13T21:09:53","modified_gmt":"2025-06-13T21:09:53","slug":"abogados-de-accidentes-de-autobus-en-filadelfia","status":"publish","type":"page","link":"https:\/\/jfinelaw.triplestarter.com\/es\/abogados-de-accidentes-de-autobus-en-filadelfia\/","title":{"rendered":"Abogados de Accidentes de Autob\u00fas en Filadelfia"},"content":{"rendered":"\n<p>SEPTA y otros autobuses comerciales similares siguen siendo una forma muy popular de moverse por la ciudad de Filadelfia. Sin embargo, al igual que las crecientes tendencias de los servicios de viajes compartidos Uber y Lyft, los autobuses de SEPTA, los autobuses de larga distancia y los autobuses ch\u00e1rter presentan sus propios peligros y son susceptibles a accidentes. En algunos casos, los accidentes de autob\u00fas pueden ser m\u00e1s peligrosos que las colisiones de veh\u00edculos motorizados, porque los autobuses rara vez tienen cinturones de seguridad o suficientes bolsas de aire para cada pasajero a bordo. Se necesita un equipo de abogados de accidentes de autob\u00fas con experiencia y especializados para comprender todos los par\u00e1metros involucrados en un caso de este tipo, la gravedad a largo plazo que pueden tener estos accidentes y la compensaci\u00f3n que se debe a las v\u00edctimas. El bufete de abogados J. Fine Law tiene m\u00e1s de 25 a\u00f1os de experiencia en casos de lesiones personales y relacionados con accidentes, incluidos accidentes automovil\u00edsticos, accidentes de autob\u00fas, resbalones y ca\u00eddas, accidentes laborales y m\u00e1s. Si usted o su ser querido ha sido v\u00edctima de un accidente de autob\u00fas, <strong>llame al (888) 913-3899<\/strong>, complete nuestro formulario de consulta gratuita o, desde el lugar del accidente de autob\u00fas, <strong>llame al 1-800-HURT-123<\/strong> para hablar hoy mismo con uno de nuestros abogados de lesiones personales dedicados y profesionales.<\/p>\n\n\n\n<h2 class=\"wp-block-heading\"><strong>Causas Principales de Accidentes de Autob\u00fas Comercial<\/strong> <\/h2>\n\n\n\n<p>SEPTA y otras compa\u00f1\u00edas de autobuses ch\u00e1rter similares est\u00e1n obligadas por el gobierno a mantener adecuadamente e inspeccionar regularmente sus veh\u00edculos comerciales. Como resultado, los accidentes rara vez ocurren debido a piezas defectuosas o descuidadas, sino generalmente debido a la persona que opera el veh\u00edculo. Si bien los conductores deben tener la licencia adecuada, una verificaci\u00f3n de antecedentes limpia de varios a\u00f1os y cumplir con est\u00e1ndares muy altos de conducci\u00f3n y cuidado, existen muchos factores que contribuyen a accidentes graves de autob\u00fas. Las causas comunes de colisiones de autob\u00fas incluyen giros amplios, condiciones peligrosas de la carretera, conducci\u00f3n distra\u00edda, abuso de sustancias, error del conductor del veh\u00edculo de pasajeros, clima y otros actos de descuido similares. Si estuvo involucrado en un accidente de autob\u00fas comercial y sufri\u00f3 lesiones que han afectado negativamente su vida y su capacidad para trabajar, llame al bufete de abogados J. Fine Law para una <strong>consulta gratuita<\/strong>.<\/p>\n\n\n\n<h2 class=\"wp-block-heading\"><strong>Accidentes de Tr\u00e1nsito P\u00fablico y de la Ciudad<\/strong> <\/h2>\n\n\n\n<p>Cuando un pasajero de un autob\u00fas de tr\u00e1nsito p\u00fablico o de la ciudad resulta herido o muerto debido a la negligencia del conductor o porque la compa\u00f1\u00eda de autobuses no mantuvo adecuadamente el veh\u00edculo, la v\u00edctima puede recibir una compensaci\u00f3n de la ciudad, el gobierno o el propio conductor. Sin embargo, las leyes que rodean tales casos son extremadamente complicadas cuando un autob\u00fas es propiedad de una ciudad, un estado o el gobierno federal. En algunos casos, la inmunidad soberana protege al gobierno de las demandas por lesiones personales.<\/p>\n\n\n\n<p>En Pensilvania, la Commonwealth es inmune a las demandas, pero existen algunas excepciones. Si la lesi\u00f3n del pasajero ocurre durante la operaci\u00f3n de un veh\u00edculo que est\u00e1 en posesi\u00f3n del gobierno estatal, la v\u00edctima puede demandar al estado por sus lesiones.<\/p>\n\n\n\n<p>En Nueva Jersey, una persona puede demandar al estado si puede probar una de las siguientes:<\/p>\n\n\n\n<ul class=\"wp-block-list\">\n<li>La lesi\u00f3n o muerte ocurri\u00f3 porque la propiedad estaba en una condici\u00f3n peligrosa.<\/li>\n\n\n\n<li>El empleado fue negligente.<\/li>\n\n\n\n<li>El estado sab\u00eda que la propiedad (autob\u00fas estatal) era insegura.<\/li>\n<\/ul>\n\n\n\n<p>En Delaware, la v\u00edctima o su familia pueden demandar al estado en los casos en que un veh\u00edculo motorizado est\u00e9 involucrado en la lesi\u00f3n. Se debe probar que hubo negligencia por parte del empleado o del estado que condujo a la lesi\u00f3n.<\/p>\n\n\n\n<h2 class=\"wp-block-heading\"><strong>Busque Representaci\u00f3n Legal Despu\u00e9s de una Colisi\u00f3n de Autob\u00fas<\/strong> <\/h2>\n\n\n\n<p>Inmediatamente despu\u00e9s de un accidente de autob\u00fas, prot\u00e9jase y aseg\u00farese de poder recuperar la compensaci\u00f3n futura que se le debe buscando y contratando representaci\u00f3n legal profesional. Los abogados y las compa\u00f1\u00edas de seguros que representan a la compa\u00f1\u00eda de autobuses trabajan de inmediato para minimizar sus lesiones y negar la culpa. Con el equipo legal calificado y con experiencia de J. Fine Law de su lado, recopilaremos toda la informaci\u00f3n relacionada con el caso, incluidas las declaraciones de testigos, las grabaciones de c\u00e1maras, las evaluaciones de seguridad del autob\u00fas y m\u00e1s, para probar con precisi\u00f3n qui\u00e9n es responsable de sus lesiones, gastos m\u00e9dicos y da\u00f1os. Es casi imposible luchar contra estos casos por su cuenta; proteja sus derechos legales con la representaci\u00f3n de nuestros abogados de accidentes de autob\u00fas de Filadelfia.<\/p>\n\n\n\n<h2 class=\"wp-block-heading\"><strong>Consulta Gratuita con un Abogado de Accidentes de Autob\u00fas<\/strong> <\/h2>\n\n\n\n<p>Cuando llame al bufete de abogados J. Fine Law para una consulta sobre lesiones por colisi\u00f3n de autob\u00fas, \u00a1hablar\u00e1 con un abogado! Nuestro bufete ha tenido un gran \u00e9xito durante m\u00e1s de 21 a\u00f1os representando a v\u00edctimas de demandas por lesiones personales, debido a nuestro arduo trabajo y dedicaci\u00f3n a cada caso y a cada cliente. Nuestro compromiso con los derechos de nuestros clientes nos ha permitido obtener algunos de los acuerdos y laudos m\u00e1s importantes en PA y NJ. Si ha resultado lesionado en un accidente de SEPTA o autob\u00fas, <strong>llame al (888) 913-3899<\/strong>, complete el formulario de consulta o <strong>llame al 1-800-HURT-123<\/strong> desde el lugar del accidente para una consulta gratuita hoy mismo por tel\u00e9fono o en nuestras oficinas en Filadelfia PA, Feasterville PA o Cherry Hill NJ.<\/p>\n","protected":false},"excerpt":{"rendered":"<p>SEPTA y otros autobuses comerciales similares siguen siendo una forma muy popular de moverse por la ciudad de Filadelfia. Sin embargo, al igual que las crecientes tendencias de los servicios de viajes compartidos Uber y Lyft, los autobuses de SEPTA, los autobuses de larga distancia y los autobuses ch\u00e1rter presentan sus propios peligros y son [&hellip;]<\/p>\n","protected":false},"author":7,"featured_media":4624,"parent":0,"menu_order":0,"comment_status":"closed","ping_status":"closed","template":"","meta":{"site-sidebar-layout":"default","site-content-layout":"","ast-site-content-layout":"default","site-content-style":"default","site-sidebar-style":"default","ast-global-header-display":"","ast-banner-title-visibility":"","ast-main-header-display":"","ast-hfb-above-header-display":"","ast-hfb-below-header-display":"","ast-hfb-mobile-header-display":"","site-post-title":"","ast-breadcrumbs-content":"","ast-featured-img":"","footer-sml-layout":"","ast-disable-related-posts":"","theme-transparent-header-meta":"","adv-header-id-meta":"","stick-header-meta":"","header-above-stick-meta":"","header-main-stick-meta":"","header-below-stick-meta":"","astra-migrate-meta-layouts":"set","ast-page-background-enabled":"default","ast-page-background-meta":{"desktop":{"background-color":"var(--ast-global-color-4)","background-image":"","background-repeat":"repeat","background-position":"center center","background-size":"auto","background-attachment":"scroll","background-type":"","background-media":"","overlay-type":"","overlay-color":"","overlay-opacity":"","overlay-gradient":""},"tablet":{"background-color":"","background-image":"","background-repeat":"repeat","background-position":"center center","background-size":"auto","background-attachment":"scroll","background-type":"","background-media":"","overlay-type":"","overlay-color":"","overlay-opacity":"","overlay-gradient":""},"mobile":{"background-color":"","background-image":"","background-repeat":"repeat","background-position":"center center","background-size":"auto","background-attachment":"scroll","background-type":"","background-media":"","overlay-type":"","overlay-color":"","overlay-opacity":"","overlay-gradient":""}},"ast-content-background-meta":{"desktop":{"background-color":"var(--ast-global-color-5)","background-image":"","background-repeat":"repeat","background-position":"center center","background-size":"auto","background-attachment":"scroll","background-type":"","background-media":"","overlay-type":"","overlay-color":"","overlay-opacity":"","overlay-gradient":""},"tablet":{"background-color":"var(--ast-global-color-5)","background-image":"","background-repeat":"repeat","background-position":"center center","background-size":"auto","background-attachment":"scroll","background-type":"","background-media":"","overlay-type":"","overlay-color":"","overlay-opacity":"","overlay-gradient":""},"mobile":{"background-color":"var(--ast-global-color-5)","background-image":"","background-repeat":"repeat","background-position":"center center","background-size":"auto","background-attachment":"scroll","background-type":"","background-media":"","overlay-type":"","overlay-color":"","overlay-opacity":"","overlay-gradient":""}},"iawp_total_views":1,"footnotes":""},"class_list":["post-4945","page","type-page","status-publish","has-post-thumbnail","hentry"],"_links":{"self":[{"href":"https:\/\/jfinelaw.triplestarter.com\/es\/wp-json\/wp\/v2\/pages\/4945","targetHints":{"allow":["GET"]}}],"collection":[{"href":"https:\/\/jfinelaw.triplestarter.com\/es\/wp-json\/wp\/v2\/pages"}],"about":[{"href":"https:\/\/jfinelaw.triplestarter.com\/es\/wp-json\/wp\/v2\/types\/page"}],"author":[{"embeddable":true,"href":"https:\/\/jfinelaw.triplestarter.com\/es\/wp-json\/wp\/v2\/users\/7"}],"replies":[{"embeddable":true,"href":"https:\/\/jfinelaw.triplestarter.com\/es\/wp-json\/wp\/v2\/comments?post=4945"}],"version-history":[{"count":1,"href":"https:\/\/jfinelaw.triplestarter.com\/es\/wp-json\/wp\/v2\/pages\/4945\/revisions"}],"predecessor-version":[{"id":4962,"href":"https:\/\/jfinelaw.triplestarter.com\/es\/wp-json\/wp\/v2\/pages\/4945\/revisions\/4962"}],"wp:featuredmedia":[{"embeddable":true,"href":"https:\/\/jfinelaw.triplestarter.com\/es\/wp-json\/wp\/v2\/media\/4624"}],"wp:attachment":[{"href":"https:\/\/jfinelaw.triplestarter.com\/es\/wp-json\/wp\/v2\/media?parent=4945"}],"curies":[{"name":"wp","href":"https:\/\/api.w.org\/{rel}","templated":true}]}}